{"id":3678,"date":"2020-03-05T19:17:25","date_gmt":"2020-03-05T19:17:25","guid":{"rendered":"https:\/\/www.macrisal.com\/avis-legal\/"},"modified":"2020-03-16T15:16:52","modified_gmt":"2020-03-16T15:16:52","slug":"avis-legal","status":"publish","type":"page","link":"https:\/\/www.macrisal.com\/ca\/avis-legal\/","title":{"rendered":"Av\u00eds legal"},"content":{"rendered":"<p>[et_pb_section fb_built=&#8221;1&#8243; _builder_version=&#8221;3.22&#8243;][et_pb_row _builder_version=&#8221;3.25&#8243; background_size=&#8221;initial&#8221; background_position=&#8221;top_left&#8221; background_repeat=&#8221;repeat&#8221;][et_pb_column type=&#8221;4_4&#8243; _builder_version=&#8221;3.25&#8243; custom_padding=&#8221;|||&#8221; custom_padding__hover=&#8221;|||&#8221;][et_pb_text _builder_version=&#8221;3.27.4&#8243; text_font=&#8221;Rubik|300|||||||&#8221; text_font_size=&#8221;16px&#8221; header_font=&#8221;Rubik|700|||||||&#8221; header_2_font=&#8221;Rubik|500|||||||&#8221; z_index_tablet=&#8221;500&#8243; text_text_shadow_horizontal_length_tablet=&#8221;0px&#8221; text_text_shadow_vertical_length_tablet=&#8221;0px&#8221; text_text_shadow_blur_strength_tablet=&#8221;1px&#8221; link_text_shadow_horizontal_length_tablet=&#8221;0px&#8221; link_text_shadow_vertical_length_tablet=&#8221;0px&#8221; link_text_shadow_blur_strength_tablet=&#8221;1px&#8221; ul_text_shadow_horizontal_length_tablet=&#8221;0px&#8221; ul_text_shadow_vertical_length_tablet=&#8221;0px&#8221; ul_text_shadow_blur_strength_tablet=&#8221;1px&#8221; ol_text_shadow_horizontal_length_tablet=&#8221;0px&#8221; ol_text_shadow_vertical_length_tablet=&#8221;0px&#8221; ol_text_shadow_blur_strength_tablet=&#8221;1px&#8221; quote_text_shadow_horizontal_length_tablet=&#8221;0px&#8221; quote_text_shadow_vertical_length_tablet=&#8221;0px&#8221; quote_text_shadow_blur_strength_tablet=&#8221;1px&#8221; header_text_shadow_horizontal_length_tablet=&#8221;0px&#8221; header_text_shadow_vertical_length_tablet=&#8221;0px&#8221; header_text_shadow_blur_strength_tablet=&#8221;1px&#8221; header_2_text_shadow_horizontal_length_tablet=&#8221;0px&#8221; header_2_text_shadow_vertical_length_tablet=&#8221;0px&#8221; header_2_text_shadow_blur_strength_tablet=&#8221;1px&#8221; header_3_text_shadow_horizontal_length_tablet=&#8221;0px&#8221; header_3_text_shadow_vertical_length_tablet=&#8221;0px&#8221; header_3_text_shadow_blur_strength_tablet=&#8221;1px&#8221; header_4_text_shadow_horizontal_length_tablet=&#8221;0px&#8221; header_4_text_shadow_vertical_length_tablet=&#8221;0px&#8221; header_4_text_shadow_blur_strength_tablet=&#8221;1px&#8221; header_5_text_shadow_horizontal_length_tablet=&#8221;0px&#8221; header_5_text_shadow_vertical_length_tablet=&#8221;0px&#8221; header_5_text_shadow_blur_strength_tablet=&#8221;1px&#8221; header_6_text_shadow_horizontal_length_tablet=&#8221;0px&#8221; header_6_text_shadow_vertical_length_tablet=&#8221;0px&#8221; header_6_text_shadow_blur_strength_tablet=&#8221;1px&#8221; box_shadow_horizontal_tablet=&#8221;0px&#8221; box_shadow_vertical_tablet=&#8221;0px&#8221; box_shadow_blur_tablet=&#8221;40px&#8221; box_shadow_spread_tablet=&#8221;0px&#8221;]<\/p>\n<h1 style=\"text-align: center;\">AVISO LEGAL Y T\u00c9RMINOS DE USO<\/h1>\n<h2 style=\"text-align: center;\">Macrisal: La ventana del profesional<\/h2>\n<p>En cumplimiento con el deber de informaci\u00f3n recogido en el art. 10 de la Ley 34\/2002, de 11 de julio, de Servicios de la Sociedad de la Informaci\u00f3n y del Comercio Electr\u00f3nico, a continuaci\u00f3n se hace constar:<\/p>\n<p><strong>Datos identificativos del responsable.<\/strong><br \/>\nTe informamos que www.macrisal.com es un dominio de Internet registrado por la mercantil FINESTRES MACRISAL, S.L., domiciliada en Carrer de Ca N&#8217;Oliva, 74, CP 08020 Barcelona NIF B65435638 e inscrita en el Registro Mercantil de Barcelona. Tomo 42205. Folio 155. Hoja B404062. Inscripci\u00f3n 1<\/p>\n<p>Tel\u00e9fono: 933005055<br \/>\ne-mail: sergio@macrisal.com<\/p>\n<p>FINESTRES MACRISAL, S.L. es, por tanto, la propietaria de este dominio, y de los contenidos existentes en el mismo.<\/p>\n<p><strong>Usuario y r\u00e9gimen de responsabilidades<\/strong><br \/>\nLa navegaci\u00f3n, acceso y uso de este sitio web le confiere la condici\u00f3n de usuario, que acepta, desde dicho acceso y\/o uso, los presentes t\u00e9rminos de uso sin perjuicio de la aplicaci\u00f3n de la correspondiente normativa de obligado cumplimiento legal seg\u00fan el caso.<\/p>\n<p>2.1.- Uso del sitio Web<br \/>\nwww.macrisal.com proporciona el acceso a art\u00edculos, informaciones y datos (en adelante \u201clos contenidos\u201d) propiedad de FINESTRES MACRISAL, S.L. El usuario asume su responsabilidad en el uso correcto del sitio web. Esta responsabilidad se extender\u00e1 a:<br \/>\nIncurrir en actividades il\u00edcitas, ilegales o contrarias a la buena fe y al orden p\u00fablico.<\/p>\n<p>Provocar da\u00f1os en los sistemas f\u00edsicos y l\u00f3gicos de www.macrisal.com, de sus proveedores o de terceras personas, introducir o difundir en la red virus inform\u00e1ticos o cualesquiera otros sistemas f\u00edsicos o l\u00f3gicos que sean susceptibles de provocar los da\u00f1os anteriormente mencionados.<\/p>\n<p>El uso de la informaci\u00f3n, servicios y datos ofrecidos por www.macrisal.com contrariamente a lo dispuesto por las presentes condiciones, la Ley, la moral, las buenas costumbres o el orden p\u00fablico, o que de cualquier otro modo puedan suponer lesi\u00f3n de los derechos de terceros o del mismo funcionamiento del sitio.<\/p>\n<p>En cualquier caso, www.macrisal.com no ser\u00e1 responsable de las opiniones vertidas por los usuarios a trav\u00e9s del blog u otras herramientas de participaci\u00f3n que puedan crearse, conforme a lo previsto en la normativa de aplicaci\u00f3n.<\/p>\n<p>2.2.- Captura de informaci\u00f3n<\/p>\n<p>&#8211; Formulario de contacto donde el usuario deber\u00e1 rellenar los campos de nombre, email, tel\u00e9fono y asunto. Los datos facilitados a trav\u00e9s del apartado \u201cContacto\u201d ser\u00e1n usados con la finalidad de ponernos en contacto con usted para atender sus dudas o consultas y remitirle la informaci\u00f3n que pueda resultarle de inter\u00e9s de acuerdo con la petici\u00f3n formulada.<\/p>\n<p>&#8211; Navegaci\u00f3n y direcci\u00f3n IP: al navegar por esta web, el usuario facilita de forma autom\u00e1tica al servidor de la web informaci\u00f3n relativa a su direcci\u00f3n IP, fecha y hora de acceso, el hiperv\u00ednculo que le ha reenviado a \u00e9stas, su sistema operativo y el navegador utilizado. La Agencia Espa\u00f1ola de Protecci\u00f3n de Datos considera la IP como dato de car\u00e1cter personal. Esta web no utilizar\u00e1 la IP para identificar a sus usuarios, estos datos ser\u00e1n guardados y utilizados \u00fanicamente para el control y realizaci\u00f3n de estad\u00edsticas de acceso y visitas a la web, para analizar tendencias, administrar el sitio y para recopilar informaci\u00f3n demogr\u00e1fica sobre nuestra base de usuarios en su conjunto. En ning\u00fan caso ser\u00e1n comunicados o cedidos a terceros.<br \/>\nPol\u00edtica de enlaces y exenciones de responsabilidad<\/p>\n<p>Como un servicio a nuestros visitantes, nuestro sitio web puede incluir hiperv\u00ednculos a otros sitios que nos son operados o controlados por www.macrisal.com. Por ello no se garantiza ni se hace responsable de la licitud, fiabilidad, utilidad, veracidad y actualidad de los contenidos de tales sitios web o de sus pr\u00e1cticas de privacidad y declara que en ning\u00fan caso proceder\u00e1 a examinar o ejercitar ning\u00fan tipo de control sobre el contenido de otros sitios de la red.<br \/>\nwww.macrisal.com declara haber adoptado todas las medidas necesarias para evitar cualquier da\u00f1o a los usuarios de su sitio web, que pudieran derivarse de la navegaci\u00f3n por su sitio web. En consecuencia no se hace responsable, en ning\u00fan caso, de los eventuales da\u00f1os que por la navegaci\u00f3n por Internet pudiera sufrir el usuario.<\/p>\n<p><strong>Modificaciones<\/strong><br \/>\nwww.macrisal.com se reserva el derecho a realizar las modificaciones que considere oportunas, sin aviso previo, en el contenido de su sitio web. Tanto en lo referente a los contenidos del sitio web, como en las condiciones de uso del mismo. Dichas modificaciones podr\u00e1n realizarse a trav\u00e9s de su sitio web por cualquier forma admisible en derecho y ser\u00e1n de obligado cumplimiento durante el tiempo en que se encuentren publicadas en la web y hasta que no sean modificadas v\u00e1lidamente por otras posteriores.<\/p>\n<p><strong>Propiedad intelectual e industrial<\/strong><br \/>\nwww.macrisal.com por s\u00ed o como cesionario, es titular de todos los derechos de propiedad intelectual e industrial de su p\u00e1gina web, as\u00ed como de los elementos contenidos en la misma (a t\u00edtulo enunciativo no limitativo, im\u00e1genes, sonido, audio, v\u00eddeo, software o textos; marcas o logotipos, combinaciones de colores, estructura y dise\u00f1o, selecci\u00f3n de materiales usados, programas de ordenador necesarios para su funcionamiento, acceso y uso, etc.).<\/p>\n<p>Todos los derechos reservados. En virtud de lo dispuesto en la Ley de Propiedad Intelectual, quedan expresamente prohibidas la reproducci\u00f3n, la distribuci\u00f3n y la comunicaci\u00f3n p\u00fablica, incluida su modalidad de puesta a disposici\u00f3n, de la totalidad o parte de los contenidos de esta p\u00e1gina web, con fines comerciales, en cualquier soporte y por cualquier medio t\u00e9cnico, sin la autorizaci\u00f3n de www.macrisal.com<\/p>\n<p>El usuario se compromete a respetar los derechos de Propiedad Intelectual e Industrial titularidad de www.macrisal.com . Podr\u00e1 visualizar los elementos de la web e incluso imprimirlos, copiar copiarlos y almacenarlos en el disco duro de su ordenador o en cualquier otro soporte f\u00edsico siempre y cuando sea, \u00fanica y exclusivamente, para su uso personal y privado. El usuario deber\u00e1 abstenerse de suprimir, alterar, eludir o manipular cualquier dispositivo de protecci\u00f3n o sistema de seguridad que estuviera instalado en las p\u00e1ginas de www.macrisal.com<\/p>\n<p><strong>Certificado SSL (SECURE SOCKETS LAYER)<\/strong><br \/>\nEl CERTIFICADO SSL proporciona autenticaci\u00f3n, privacidad y seguridad de la informaci\u00f3n entre www.macrisal.com y el usuario.<br \/>\nwww.macrisal.com dispone de un certificado de seguridad que se utiliza para realizar conexiones seguras y se establece usando llaves preestablecidas, codificando y descodificando todos los datos enviados hasta que la conexi\u00f3n sea cerrada.<\/p>\n<p><strong>Acciones Legales, legislaci\u00f3n aplicable y jurisdicci\u00f3n<\/strong><br \/>\nwww.macrisal.com se reserva, asimismo, la facultad de presentar las acciones civiles o penales que considere oportunas por la utilizaci\u00f3n indebida de su sitio web y contenidos, o por el incumplimiento de las presentes condiciones.<\/p>\n<p>La relaci\u00f3n entre el usuario y el prestador se regir\u00e1 por la normativa vigente y de aplicaci\u00f3n en el territorio espa\u00f1ol. De surgir cualquier controversia las partes podr\u00e1n someter sus conflictos a arbitraje o acudir a la jurisdicci\u00f3n ordinaria cumpliendo con las normas sobre jurisdicci\u00f3n y competencia al respecto. www.macrisal.com tiene su domicilio en BARCELONA, Espa\u00f1a.<br \/>\n[\/et_pb_text][\/et_pb_column][\/et_pb_row][\/et_pb_section]<\/p>\n","protected":false},"excerpt":{"rendered":"<p>AVISO LEGAL Y T\u00c9RMINOS DE USO Macrisal: La ventana del profesional En cumplimiento con el deber de informaci\u00f3n recogido en el art. 10 de la Ley 34\/2002, de 11 de julio, de Servicios de la Sociedad de la Informaci\u00f3n y del Comercio Electr\u00f3nico, a continuaci\u00f3n se hace constar: Datos identificativos del responsable. Te informamos que [&hellip;]<\/p>\n","protected":false},"author":7,"featured_media":0,"parent":0,"menu_order":0,"comment_status":"closed","ping_status":"closed","template":"","meta":{"_et_pb_use_builder":"on","_et_pb_old_content":"","_et_gb_content_width":"","footnotes":""},"class_list":["post-3678","page","type-page","status-publish","hentry"],"yoast_head":"<!-- This site is optimized with the Yoast SEO plugin v27.3 - https:\/\/yoast.com\/product\/yoast-seo-wordpress\/ -->\n<title>Av\u00eds legal i Condicions d&#039;\u00fas | Macrisal.com<\/title>\n<meta name=\"description\" content=\"En compliment amb el deure d&#039;informaci\u00f3 recollit en l&#039;art. 10 de la Llei 34\/2002, de 11 de juliol, de Serveis de la Societat de la Informaci\u00f3.\" \/>\n<meta name=\"robots\" content=\"noindex, follow\" \/>\n<script type=\"application\/ld+json\" class=\"yoast-schema-graph\">{\"@context\":\"https:\\\/\\\/schema.org\",\"@graph\":[{\"@type\":\"BreadcrumbList\",\"@id\":\"https:\\\/\\\/www.macrisal.com\\\/ca\\\/avis-legal\\\/#breadcrumb\",\"itemListElement\":[{\"@type\":\"ListItem\",\"position\":1,\"name\":\"Carpinter\u00eda De Aluminio\",\"item\":\"https:\\\/\\\/www.macrisal.com\\\/ca\\\/\"},{\"@type\":\"ListItem\",\"position\":2,\"name\":\"Av\u00eds legal\"}]}]}<\/script>\n<!-- \/ Yoast SEO plugin. -->","yoast_head_json":{"title":"Av\u00eds legal i Condicions d'\u00fas | Macrisal.com","description":"En compliment amb el deure d'informaci\u00f3 recollit en l'art. 10 de la Llei 34\/2002, de 11 de juliol, de Serveis de la Societat de la Informaci\u00f3.","robots":{"index":"noindex","follow":"follow"},"schema":{"@context":"https:\/\/schema.org","@graph":[{"@type":"BreadcrumbList","@id":"https:\/\/www.macrisal.com\/ca\/avis-legal\/#breadcrumb","itemListElement":[{"@type":"ListItem","position":1,"name":"Carpinter\u00eda De Aluminio","item":"https:\/\/www.macrisal.com\/ca\/"},{"@type":"ListItem","position":2,"name":"Av\u00eds legal"}]}]}},"_links":{"self":[{"href":"https:\/\/www.macrisal.com\/ca\/wp-json\/wp\/v2\/pages\/3678","targetHints":{"allow":["GET"]}}],"collection":[{"href":"https:\/\/www.macrisal.com\/ca\/wp-json\/wp\/v2\/pages"}],"about":[{"href":"https:\/\/www.macrisal.com\/ca\/wp-json\/wp\/v2\/types\/page"}],"author":[{"embeddable":true,"href":"https:\/\/www.macrisal.com\/ca\/wp-json\/wp\/v2\/users\/7"}],"replies":[{"embeddable":true,"href":"https:\/\/www.macrisal.com\/ca\/wp-json\/wp\/v2\/comments?post=3678"}],"version-history":[{"count":2,"href":"https:\/\/www.macrisal.com\/ca\/wp-json\/wp\/v2\/pages\/3678\/revisions"}],"predecessor-version":[{"id":3997,"href":"https:\/\/www.macrisal.com\/ca\/wp-json\/wp\/v2\/pages\/3678\/revisions\/3997"}],"wp:attachment":[{"href":"https:\/\/www.macrisal.com\/ca\/wp-json\/wp\/v2\/media?parent=3678"}],"curies":[{"name":"wp","href":"https:\/\/api.w.org\/{rel}","templated":true}]}}